{"id":30,"date":"2021-04-15T09:12:18","date_gmt":"2021-04-15T09:12:18","guid":{"rendered":"https:\/\/koogle-test.de\/?page_id=30"},"modified":"2021-04-15T10:36:49","modified_gmt":"2021-04-15T10:36:49","slug":"anleitung","status":"publish","type":"page","link":"https:\/\/koogle-test.de\/?page_id=30","title":{"rendered":"Anleitung"},"content":{"rendered":"\n<p class=\"has-large-font-size\"><strong>Bedingungen<\/strong><\/p>\n\n\n\n<ul class=\"has-medium-font-size wp-block-list\"><li>Du bist Mitglied eines Sportvereins<\/li><li>Du bist mindestens 10 Jahre alt<\/li><li>Jedes Vereinsmitglied mit einer g\u00fcltigen Trainerlizenz oder einem Trainerassistenten-Schein darf den Test&nbsp; &nbsp; abnehmen&nbsp;<\/li><\/ul>\n\n\n\n<hr class=\"wp-block-separator\"\/>\n\n\n\n<p class=\"has-large-font-size\"><strong>Anleitung<\/strong><\/p>\n\n\n\n<ol class=\"has-medium-font-size wp-block-list\"><li>Du erf\u00fcllst die oben genannten Bedingungen<\/li><li>Lade dir dein eigenes KooGle-Heftchen runter<\/li><li>\u00dcbe flei\u00dfig an deinen Koordinations- und Gleichgewichtsf\u00e4higkeiten mithilfe der von uns gestellten \u00dcbungen<\/li><li>Pr\u00fcfe regelm\u00e4\u00dfig deine Fortschritte<\/li><li>Absolviere den KooGle-Test mithilfe eines Pr\u00fcfers<\/li><li>Drucke dir deine eigene Urkunde aus \ud83d\ude42<\/li><\/ol>\n","protected":false},"excerpt":{"rendered":"<p>Bedingungen Du bist Mitglied eines Sportvereins Du bist mindestens 10 Jahre alt Jedes Vereinsmitglied mit einer g\u00fcltigen Trainerlizenz oder einem Trainerassistenten-Schein darf den Test&nbsp; &nbsp; abnehmen&nbsp; Anleitung Du erf\u00fcllst die oben genannten Bedingungen Lade dir dein eigenes KooGle-Heftchen runter \u00dcbe flei\u00dfig an deinen Koordinations- und Gleichgewichtsf\u00e4higkeiten mithilfe der von uns gestellten \u00dcbungen Pr\u00fcfe regelm\u00e4\u00dfig deine [&hellip;]<\/p>\n","protected":false},"author":1,"featured_media":0,"parent":0,"menu_order":0,"comment_status":"closed","ping_status":"closed","template":"template-fullwidth.php","meta":{"footnotes":""},"class_list":["post-30","page","type-page","status-publish","hentry"],"_links":{"self":[{"href":"https:\/\/koogle-test.de\/index.php?rest_route=\/wp\/v2\/pages\/30","targetHints":{"allow":["GET"]}}],"collection":[{"href":"https:\/\/koogle-test.de\/index.php?rest_route=\/wp\/v2\/pages"}],"about":[{"href":"https:\/\/koogle-test.de\/index.php?rest_route=\/wp\/v2\/types\/page"}],"author":[{"embeddable":true,"href":"https:\/\/koogle-test.de\/index.php?rest_route=\/wp\/v2\/users\/1"}],"replies":[{"embeddable":true,"href":"https:\/\/koogle-test.de\/index.php?rest_route=%2Fwp%2Fv2%2Fcomments&post=30"}],"version-history":[{"count":2,"href":"https:\/\/koogle-test.de\/index.php?rest_route=\/wp\/v2\/pages\/30\/revisions"}],"predecessor-version":[{"id":54,"href":"https:\/\/koogle-test.de\/index.php?rest_route=\/wp\/v2\/pages\/30\/revisions\/54"}],"wp:attachment":[{"href":"https:\/\/koogle-test.de\/index.php?rest_route=%2Fwp%2Fv2%2Fmedia&parent=30"}],"curies":[{"name":"wp","href":"https:\/\/api.w.org\/{rel}","templated":true}]}}